{"id":790,"date":"2012-02-27T10:33:36","date_gmt":"2012-02-27T10:33:36","guid":{"rendered":"http:\/\/www.tasse-mit-foto-bedrucken.de\/TassenBlog\/?page_id=790"},"modified":"2018-05-22T11:33:56","modified_gmt":"2018-05-22T11:33:56","slug":"impressum","status":"publish","type":"page","link":"https:\/\/www.tasse-mit-foto-bedrucken.de\/TassenBlog\/impressum\/","title":{"rendered":"Impressum"},"content":{"rendered":"<p>Die Angebote und Lieferungen von diesem Blog, sind Serviceleistungen von CampusWerk, 15517 F\u00fcrstenwalde.<br \/>\nCampuswerk Inh.: Carsten Benecke<\/p>\n<p>August-Bebel-Str.37<\/p>\n<p>15517 F\u00fcrstenwalde<\/p>\n<p>E-Mail: info@druckdichdrauf.de<\/p>\n<p>Tel.: 03361 735 401<\/p>\n<p>Fax.:03361 735 400<\/p>\n<p>Steuernummer: 061\/151\/39701<\/p>\n<p>USt-IdNr.: DE263219620<\/p>\n<p>Finanzamt F\u00fcrstenwalde<\/p>\n<p>Gerichtsstand: F\u00fcrstenwalde<\/p>\n<h2>Allgemeine Verbraucherschlichtungsstelle<\/h2>\n<p>Die Europ\u00e4ische Kommission stellt eine Plattform zur Online-Streitbeilegung (OS) bereit, die Sie hier finden<br \/>\n<a href=\"https:\/\/ec.europa.eu\/consumers\/odr\/\" target=\"_blank\" rel=\"nofollow\">https:\/\/ec.europa.eu\/consumers\/odr\/<\/a>.<br \/>\nVerbraucher haben die M\u00f6glichkeit, diese Plattform f\u00fcr die Beilegung ihrer Streitigkeiten zu nutzen.<\/p>\n<p>&nbsp;<\/p>\n<p>Zur Beilegung von Streitigkeiten aus einem Vertragsverh\u00e4ltnis mit einem Verbraucher bzw. dar\u00fcber, ob ein solches Vertragsverh\u00e4ltnis \u00fcberhaupt besteht, sind wir zur Teilnahme an Streitbeilegungsverfahren vor einer Verbraucherschlichtungsstelle verpflichtet. Zust\u00e4ndig ist die Allgemeine Verbraucherschlichtungsstelle des Zentrums f\u00fcr Schlichtung e.V., Stra\u00dfburger Stra\u00dfe 8, 77694 Kehl am Rhein,<br \/>\n<a href=\"http:\/\/www.verbraucher-schlichter.de\" target=\"_blank\" rel=\"nofollow\">www.verbraucher-schlichter.de<\/a>. An einem Streitbeilegungsverfahren vor dieser Stelle werden wir teilnehmen.<\/p>\n<h2>Verantwortlichkeit f\u00fcr Inhalte<\/h2>\n<p>Inhaltlich sind alle Teile von Onlineshop www.druckdichdrauf.de mit der gr\u00f6\u00dftm\u00f6glichen im Verkehr erforderlichen Umsicht und Aufmerksamkeit eingestellt worden. CampusWerk gibt keine Garantie daf\u00fcr, dass diese Inhalte und Informationen korrekt, l\u00fcckenlos und auf dem neustens Stand sind. Da das CampusWerk Dienstanbieter im Sinne des \u00a7 7 Abs, 1 TMG ist, trifft uns die Verantwortung und Haftung nach allgemeinen gesetzlichen Normen f\u00fcr diejenigen Informationen und Daten, die wir zur Nutzung zur Verf\u00fcgung stellen. Allerdings bestimmen die Vorschriften \u00a7\u00a7 8- 10 TMG, dass uns nicht die Pflicht obliegt, etwaige fremde Inhalte daraufhin zu kontrollieren und zu \u00fcberpr\u00fcfen, ob diese auf rechtswidrige T\u00e4tigkeiten hindeuten. Die Pflicht, im Falle des Erscheinens derartiger fremder Informationen auf unseren Seiten, diese zu entfernen und zu beseitigen, bleibt weiterhin bestehen. Rechtlich entsteht eine Verantwortlichkeit von unserer Seite aus nur in dem Zeitpunkt, in dem wir Kenntnis \u00fcber die bestimmten Rechtsverletzungen erlangen. In einem solchen Fall werden wir wie bereits oben erl\u00e4utert diese Inhalte unverz\u00fcglich beseitigen.<\/p>\n<h2>Haftung f\u00fcr Verlinkungen<\/h2>\n<p>Auf den Seiten vom Druckdichdrauf Onlineshop finden Sie Verkn\u00fcpfungen zu fremden Seiten Dritter, deren Inhalte vollkommen unabh\u00e4ngig von unseren eigenen Seiten eingestellt wurden, folglich k\u00f6nnen wir keine Haftung f\u00fcr diese fremden Seiten \u00fcbernehmen. Diese trifft nur denjenigen Seitenbetreiber, der die konkreten Inhalte zur Nutzung freigegeben hat. Im Augenblick der Verkn\u00fcpfung dieser Inhalte mit unserer Seite waren rechtswidrige Inhalte der verlinkten Internetseiten nicht absehbar, vorhersehbar oder gar vorhanden. Eine st\u00e4ndige \u00dcberpr\u00fcfung und Kontrolle der verlinkten externen Seiten ist weder tats\u00e4chlich noch praktisch m\u00f6glich. Und w\u00fcrde den Rahmen des Zumutbaren \u00fcberschreiten. Sollten Rechtsverletzung f\u00fcr uns erkennbar werden, kommt es unverz\u00fcglich zu einer Kontrolle verbunden mit der Beseitigung bei positiver Feststellung der Rechtsverletzung.<\/p>\n<h2>Urheberrecht<\/h2>\n<p>Die durch CampusWerk erstellten Inhalte und Bilder auf den Seiten von www.zwergenfantasie.de unterliegen dem deutschen Urheberrecht. Beitr\u00e4ge Dritter sind als solche gekennzeichnet. Die Vervielf\u00e4ltigung, Bearbeitung, Verbreitung und jede Art der Verwertung au\u00dferhalb der Grenzen des Urheberrechtes bed\u00fcrfen der schriftlichen Zustimmung des jeweiligen Autors bzw. Erstellers. Downloads und Kopien von Produktbildern dieser Seite sind nicht gestattet. Das CampusWerk ist bem\u00fcht, stets die Urheberrechte anderer zu beachten bzw. auf selbst erstellte sowie lizenzfreie Werke zur\u00fcckzugreifen.<\/p>\n<h2>Keine Abmahnung ohne vorherigen Kontakt!<\/h2>\n<p>Sollte der Inhalt oder die Aufmachung dieser Seiten fremde Rechte Dritter oder gesetzliche Bestimmungen verletzen, so bitten wir um eine entsprechende Nachricht ohne Kostennote. Ich garantiere, dass die zu Recht beanstandeten Passagen unverz\u00fcglich entfernt werden, ohne dass von Ihrer Seite die Einschaltung eines Rechtsbeistandes erforderlich ist. Dennoch von Ihnen ohne vorherige Kontaktaufnahme ausgel\u00f6ste Kosten werden wir vollumf\u00e4nglich zur\u00fcckweisen und gegebenenfalls Gegenklage wegen Verletzung vorgenannter Bestimmungen einreichen.<\/p>\n","protected":false},"excerpt":{"rendered":"<p>Die Angebote und Lieferungen von diesem Blog, sind Serviceleistungen von CampusWerk, 15517 F\u00fcrstenwalde. Campuswerk Inh.: Carsten Benecke August-Bebel-Str.37 15517 F\u00fcrstenwalde E-Mail: info@druckdichdrauf.de Tel.: 03361 735 401 Fax.:03361 735 400 Steuernummer: 061\/151\/39701 USt-IdNr.: DE263219620 Finanzamt F\u00fcrstenwalde Gerichtsstand: F\u00fcrstenwalde Allgemeine Verbraucherschlichtungsstelle Die Europ\u00e4ische Kommission stellt eine Plattform zur Online-Streitbeilegung (OS) bereit, die Sie hier finden https:\/\/ec.europa.eu\/consumers\/odr\/. Verbraucher [&hellip;]<\/p>\n","protected":false},"author":1,"featured_media":0,"parent":0,"menu_order":0,"comment_status":"open","ping_status":"closed","template":"","meta":{"footnotes":""},"class_list":["post-790","page","type-page","status-publish","hentry"],"_links":{"self":[{"href":"https:\/\/www.tasse-mit-foto-bedrucken.de\/TassenBlog\/wp-json\/wp\/v2\/pages\/790","targetHints":{"allow":["GET"]}}],"collection":[{"href":"https:\/\/www.tasse-mit-foto-bedrucken.de\/TassenBlog\/wp-json\/wp\/v2\/pages"}],"about":[{"href":"https:\/\/www.tasse-mit-foto-bedrucken.de\/TassenBlog\/wp-json\/wp\/v2\/types\/page"}],"author":[{"embeddable":true,"href":"https:\/\/www.tasse-mit-foto-bedrucken.de\/TassenBlog\/wp-json\/wp\/v2\/users\/1"}],"replies":[{"embeddable":true,"href":"https:\/\/www.tasse-mit-foto-bedrucken.de\/TassenBlog\/wp-json\/wp\/v2\/comments?post=790"}],"version-history":[{"count":5,"href":"https:\/\/www.tasse-mit-foto-bedrucken.de\/TassenBlog\/wp-json\/wp\/v2\/pages\/790\/revisions"}],"predecessor-version":[{"id":1874,"href":"https:\/\/www.tasse-mit-foto-bedrucken.de\/TassenBlog\/wp-json\/wp\/v2\/pages\/790\/revisions\/1874"}],"wp:attachment":[{"href":"https:\/\/www.tasse-mit-foto-bedrucken.de\/TassenBlog\/wp-json\/wp\/v2\/media?parent=790"}],"curies":[{"name":"wp","href":"https:\/\/api.w.org\/{rel}","templated":true}]}}