{"id":1071,"date":"2013-03-20T15:48:38","date_gmt":"2013-03-20T15:48:38","guid":{"rendered":"http:\/\/www.tasse-mit-foto-bedrucken.de\/TassenBlog\/?page_id=1071"},"modified":"2019-10-07T14:33:47","modified_gmt":"2019-10-07T14:33:47","slug":"tassen-bedrucken","status":"publish","type":"page","link":"https:\/\/www.tasse-mit-foto-bedrucken.de\/TassenBlog\/tassen-bedrucken\/","title":{"rendered":"Tassen bedrucken"},"content":{"rendered":"<p><img loading=\"lazy\" decoding=\"async\" class=\"wp-image-1074 alignleft\" title=\"rhtassse\" alt=\"\" src=\"https:\/\/www.tasse-mit-foto-bedrucken.de\/TassenBlog\/wp-content\/uploads\/2013\/03\/rhtassse-300x300.jpg\" width=\"200\" height=\"200\" srcset=\"https:\/\/www.tasse-mit-foto-bedrucken.de\/TassenBlog\/wp-content\/uploads\/2013\/03\/rhtassse-300x300.jpg 300w, https:\/\/www.tasse-mit-foto-bedrucken.de\/TassenBlog\/wp-content\/uploads\/2013\/03\/rhtassse-150x150.jpg 150w, https:\/\/www.tasse-mit-foto-bedrucken.de\/TassenBlog\/wp-content\/uploads\/2013\/03\/rhtassse.jpg 600w\" sizes=\"auto, (max-width: 200px) 100vw, 200px\" \/><\/p>\n<p><a title=\"Tassendruck - Textildruck - Fotogeschenke\" href=\"https:\/\/www.druckdichdrauf.de\/tassendruck\/\">Kaffeetassen bedrucken<\/a>, kann heute zu jedem Anlass genommen werden. Ob es nun ein pers\u00f6nlicher Anlass wie ein Geburtstag oder ein Jubil\u00e4um ist. Oder aber auch zu einem eher offiziellen Anlass wie zum Abschied eines Kollegen oder ein Firmenevent. Ob nun als Werbetr\u00e4ger, Geschenk oder Sammeltasse. Bedrucken und kreativ Selbstgestalten ist heute in. Dabei k\u00f6nnen die Tassen und <a title=\"Becher bedrucken mit Bildern und Fotos\" href=\"https:\/\/www.druckdichdrauf.de\/tassendruck\/\">Becher mit Bild, Logo und Spruch bedruckt<\/a> werden.<\/p>\n<h2>Eine Tasse ganz individuell gestalten<\/h2>\n<p><img loading=\"lazy\" decoding=\"async\" class=\" wp-image-1075 alignleft\" title=\"Loeffeltasse2\" alt=\"\" src=\"https:\/\/www.tasse-mit-foto-bedrucken.de\/TassenBlog\/wp-content\/uploads\/2013\/03\/Loeffeltasse2-300x300.jpg\" width=\"200\" height=\"200\" srcset=\"https:\/\/www.tasse-mit-foto-bedrucken.de\/TassenBlog\/wp-content\/uploads\/2013\/03\/Loeffeltasse2-300x300.jpg 300w, https:\/\/www.tasse-mit-foto-bedrucken.de\/TassenBlog\/wp-content\/uploads\/2013\/03\/Loeffeltasse2-150x150.jpg 150w, https:\/\/www.tasse-mit-foto-bedrucken.de\/TassenBlog\/wp-content\/uploads\/2013\/03\/Loeffeltasse2.jpg 600w\" sizes=\"auto, (max-width: 200px) 100vw, 200px\" \/><\/p>\n<p>Am Anfang stehen oft eine Idee und der Wunsch mit einer netten \u00dcberraschung daher zu kommen, um ein Fest oder Anlass geb\u00fchrend zu w\u00fcrdigen. Doch meist fehlt die richtige Idee der Umsetzung. Ein langer Prozess des \u00dcberlegens setzt ein, doch mit dem Retro-Trend zur Porzellantasse oder dem Porzellanbecher f\u00fcr den Kaffee to go, ist ein guter Aufh\u00e4nger gefunden. Die Idee l\u00e4sst sich ohne gro\u00dfe M\u00fche im Internet online umsetzen. Es muss nur die passende und richtige Tasse gefunden werden und schon kann das ganz individuell gestaltete Werk entstehn.<\/p>\n<p>Je individueller und origineller die Gestaltung, umso sicherer k\u00f6nnen die Tassen-Designer sein, dass diese Tasse lange im Schrank und damit h\u00f6chst wahrscheinlich auch im Gebrauch bleiben wird. Das Engagement f\u00fcr den Entwurf einer sch\u00f6nen Vorlage lohnt sich also. Schnappsch\u00fcsse und vielleicht auch ein passender Spruch m\u00fcssen entsprechend des Anlasses gesichtet und zusammengestellt werden. Da es ein pers\u00f6nliches Geschenk sein soll, liegt die besondere Herausforderung darin, dass die Person auch wirklich in ihren Vorlieben und Vorz\u00fcgen gekannt wird. Dann ist das Bedrucken der einzelnen Tasse oder vielleicht auch gleich ein ganzes Set kein gro\u00dfes Problem mehr.<\/p>\n<h2>Tassen mit Firmenlogo und dergleichen bedrucken<\/h2>\n<p>Etwas schwieriger wird es wohl bei der \u00dcberlegung, dass die Tasse sowohl ein Werbetr\u00e4ger als auch ein Sammelobjekt sein kann. Jedes Jahr zum Tag der offenen Beh\u00f6rden in Berlin sind die begehrtesten Mitnahme- und Erinnerungsartikel die Tassen und Becher aus dem Bundeskanzleramt. Es dr\u00e4ngt sich schon fast die Vermutung auf, dass sie zu begehrten Sammelobjekten und nettem Mitbringsel geworden sind. Denn schlie\u00dflich kann auch gesagt damit gesagt werden, im Bundeskanzleramt sind noch alle Tassen im Schrank.<\/p>\n<p><img loading=\"lazy\" decoding=\"async\" class=\"wp-image-1076 alignleft\" title=\"zaubertasse2\" alt=\"\" src=\"https:\/\/www.tasse-mit-foto-bedrucken.de\/TassenBlog\/wp-content\/uploads\/2013\/03\/zaubertasse2-300x300.jpg\" width=\"200\" height=\"200\" srcset=\"https:\/\/www.tasse-mit-foto-bedrucken.de\/TassenBlog\/wp-content\/uploads\/2013\/03\/zaubertasse2-300x300.jpg 300w, https:\/\/www.tasse-mit-foto-bedrucken.de\/TassenBlog\/wp-content\/uploads\/2013\/03\/zaubertasse2-150x150.jpg 150w, https:\/\/www.tasse-mit-foto-bedrucken.de\/TassenBlog\/wp-content\/uploads\/2013\/03\/zaubertasse2.jpg 600w\" sizes=\"auto, (max-width: 200px) 100vw, 200px\" \/><\/p>\n<p>Jedenfalls verfehlen sie ihr Ziel nicht, weit \u00fcber die Grenzen des eigenen Hauses bei jeder getrunkenen Tasse sich daran erinnern zu lassen. Vielleicht kommt auch die kleine Frage, wo die Tasse her ist? Wie einer kleinen Troph\u00e4e f\u00fcllen diese Tassen mit Logos und Spr\u00fcchen den Schrank und erinnern daran, wo man schon war oder sie auch her hat. Bedruckte Tassen kommen an mit ihrer Botschaft.<\/p>\n<div class=\"lyte-wrapper fourthree\" style=\"width:480px;max-width:100%;margin:5px;\"><div class=\"lyMe\" id=\"WYL_fU54CMjDYKo\"><div id=\"lyte_fU54CMjDYKo\" data-src=\"\/\/i.ytimg.com\/vi\/fU54CMjDYKo\/hqdefault.jpg\" class=\"pL\"><div class=\"tC\"><div class=\"tT\"><\/div><\/div><div class=\"play\"><\/div><div class=\"ctrl\"><div class=\"Lctrl\"><\/div><div class=\"Rctrl\"><\/div><\/div><\/div><noscript><a href=\"https:\/\/youtu.be\/fU54CMjDYKo\" rel=\"nofollow\"><img loading=\"lazy\" decoding=\"async\" src=\"https:\/\/i.ytimg.com\/vi\/fU54CMjDYKo\/0.jpg\" alt=\"YouTube-Video-Vorschaubild\" width=\"480\" height=\"340\" \/><br \/>Dieses Video auf YouTube ansehen<\/a><\/noscript><\/div><\/div><div class=\"lL\" style=\"max-width:100%;width:480px;margin:5px;\"><\/div><\/p>\n","protected":false},"excerpt":{"rendered":"<p>Kaffeetassen bedrucken, kann heute zu jedem Anlass genommen werden. Ob es nun ein pers\u00f6nlicher Anlass wie ein Geburtstag oder ein Jubil\u00e4um ist. Oder aber auch zu einem eher offiziellen Anlass wie zum Abschied eines Kollegen oder ein Firmenevent. Ob nun als Werbetr\u00e4ger, Geschenk oder Sammeltasse. Bedrucken und kreativ Selbstgestalten ist heute in. Dabei k\u00f6nnen die [&hellip;]<\/p>\n","protected":false},"author":1,"featured_media":0,"parent":0,"menu_order":0,"comment_status":"open","ping_status":"closed","template":"","meta":{"footnotes":""},"class_list":["post-1071","page","type-page","status-publish","hentry"],"_links":{"self":[{"href":"https:\/\/www.tasse-mit-foto-bedrucken.de\/TassenBlog\/wp-json\/wp\/v2\/pages\/1071","targetHints":{"allow":["GET"]}}],"collection":[{"href":"https:\/\/www.tasse-mit-foto-bedrucken.de\/TassenBlog\/wp-json\/wp\/v2\/pages"}],"about":[{"href":"https:\/\/www.tasse-mit-foto-bedrucken.de\/TassenBlog\/wp-json\/wp\/v2\/types\/page"}],"author":[{"embeddable":true,"href":"https:\/\/www.tasse-mit-foto-bedrucken.de\/TassenBlog\/wp-json\/wp\/v2\/users\/1"}],"replies":[{"embeddable":true,"href":"https:\/\/www.tasse-mit-foto-bedrucken.de\/TassenBlog\/wp-json\/wp\/v2\/comments?post=1071"}],"version-history":[{"count":21,"href":"https:\/\/www.tasse-mit-foto-bedrucken.de\/TassenBlog\/wp-json\/wp\/v2\/pages\/1071\/revisions"}],"predecessor-version":[{"id":1884,"href":"https:\/\/www.tasse-mit-foto-bedrucken.de\/TassenBlog\/wp-json\/wp\/v2\/pages\/1071\/revisions\/1884"}],"wp:attachment":[{"href":"https:\/\/www.tasse-mit-foto-bedrucken.de\/TassenBlog\/wp-json\/wp\/v2\/media?parent=1071"}],"curies":[{"name":"wp","href":"https:\/\/api.w.org\/{rel}","templated":true}]}}